{"id":8,"date":"2026-02-19T22:31:05","date_gmt":"2026-02-19T22:31:05","guid":{"rendered":"https:\/\/krumpartevandalico.com\/?page_id=8"},"modified":"2026-03-19T21:24:18","modified_gmt":"2026-03-19T21:24:18","slug":"nuevas-paginas-de-inteligencia-articial-actualizado-2025","status":"publish","type":"page","link":"https:\/\/krumpartevandalico.com\/","title":{"rendered":"Nuevas Paginas De Inteligencia Artificial actualizadas 2026"},"content":{"rendered":"\n<div class=\"wp-block-group alignfull is-style-section-5 is-layout-flow wp-block-group-is-layout-flow\" style=\"min-height:100vh;margin-top:0;margin-bottom:0;padding-top:var(--wp--preset--spacing--50);padding-right:var(--wp--preset--spacing--50);padding-bottom:var(--wp--preset--spacing--50);padding-left:var(--wp--preset--spacing--50)\">\n<div class=\"wp-block-columns alignfull is-layout-flex wp-container-core-columns-is-layout-30f78326 wp-block-columns-is-layout-flex\">\n<div class=\"wp-block-column is-layout-flow wp-block-column-is-layout-flow\">\n<figure class=\"wp-block-image size-large\"><img loading=\"lazy\" decoding=\"async\" width=\"1024\" height=\"765\" src=\"https:\/\/krumpartevandalico.com\/wp-content\/uploads\/2026\/02\/openart-image_Jip2Z0N3_1771539651995_raw-1024x765.jpg\" alt=\"\" class=\"wp-image-9\" srcset=\"https:\/\/krumpartevandalico.com\/wp-content\/uploads\/2026\/02\/openart-image_Jip2Z0N3_1771539651995_raw-1024x765.jpg 1024w, https:\/\/krumpartevandalico.com\/wp-content\/uploads\/2026\/02\/openart-image_Jip2Z0N3_1771539651995_raw-300x224.jpg 300w, https:\/\/krumpartevandalico.com\/wp-content\/uploads\/2026\/02\/openart-image_Jip2Z0N3_1771539651995_raw-768x573.jpg 768w, https:\/\/krumpartevandalico.com\/wp-content\/uploads\/2026\/02\/openart-image_Jip2Z0N3_1771539651995_raw.jpg 1200w\" sizes=\"auto, (max-width: 1024px) 100vw, 1024px\" \/><\/figure>\n<\/div>\n\n\n\n<div class=\"wp-block-column is-layout-flow wp-block-column-is-layout-flow\">\n<div class=\"wp-block-group is-vertical is-content-justification-stretch is-nowrap is-layout-flex wp-container-core-group-is-layout-3489bdb9 wp-block-group-is-layout-flex\" style=\"min-height:100%\">\n<p class=\"has-text-align-left has-x-large-font-size\" style=\"line-height:1.2\">Paginas Mas Usadas De Inteligencia Artificial.<br><br>ChatGPT (OpenAI): sigue siendo la IA m\u00e1s usada del mundo, con cientos de millones de usuarios activos y liderazgo claro en cuota de mercado.<\/p>\n\n\n\n<p>Google Gemini: alternativa de Google integrada con su ecosistema (b\u00fasquedas, Workspace, Android), muy extendida a nivel masivo.<\/p>\n\n\n\n<p class=\"has-text-align-left has-x-large-font-size\" style=\"line-height:1.2\">Perplexity:<br> buscador con IA que responde y cita fuentes, se ha colocado incluso como segundo en cuota de mercado de asistentes de IA en algunos rankings.<br><br><br>IA para contenidos visuales y v\u00eddeo<\/p>\n\n\n\n<p>Microsoft Copilot: integrado en Windows, Edge y Microsoft 365 (Word, Excel, Outlook, Teams), muy usado en trabajo y estudios.<\/p>\n\n\n\n<p>Claude (Anthropic): muy popular para leer y resumir documentos largos y tareas de razonamiento m\u00e1s complejas, sobre todo en entornos profesionales.<\/p>\n\n\n\n<p>Midjourney: una de las IA m\u00e1s usadas para crear im\u00e1genes art\u00edsticas y concept art desde texto.<\/p>\n\n\n\n<p><strong>DALL\u00b7E<\/strong>: generador de im\u00e1genes de OpenAI muy extendido por su integraci\u00f3n con ChatGPT.<a href=\"https:\/\/iddigitalschool.com\/bootcamps\/las-ias-mas-usadas-en-2025-como-estan-cambiando-el-mundo-y-como-puedes-aprender-a-crearlas\/\" target=\"_blank\" rel=\"noreferrer noopener\"><\/a>\u200b<\/p>\n\n\n\n<p><strong>CapCut<\/strong>: app de edici\u00f3n de v\u00eddeo con muchas funciones de IA (subt\u00edtulos autom\u00e1ticos, efectos, etc.), muy usada en TikTok e IG Reels.<br><br><strong>IA para escritura, trabajo y estudio<\/strong><\/p>\n\n\n\n<p><strong>QuillBot y DeepL<\/strong>: habituales para parafrasear, resumir y traducir textos.<a href=\"https:\/\/kitemetric.com\/blogs\/top-10-mind-blowing-ai-apps-websites-in-2025\" target=\"_blank\" rel=\"noreferrer noopener\"><\/a>\u200b<a href=\"https:\/\/kitemetric.com\/blogs\/top-10-mind-blowing-ai-apps-websites-in-2025\" target=\"_blank\" rel=\"noreferrer noopener\"><\/a>\u200b<\/p>\n\n\n\n<p><strong>Notion AI<\/strong>: integrado en Notion para resumir, escribir y organizar informaci\u00f3n, muy usado por estudiantes y equipos.<a href=\"https:\/\/titancorpvn.com\/insight\/technology-insights\/top-10-most-used-gen-ai-tools-in-2025\" target=\"_blank\" rel=\"noreferrer noopener\"><\/a>\u200b<\/p>\n\n\n\n<p><strong>Grammarly \/ GrammarlyGO<\/strong>: para corregir y mejorar textos usando IA, especialmente en entornos profesionales.<\/p>\n\n\n\n<p><strong>GitHub Copilot<\/strong>: muy extendido entre programadores para autocompletar c\u00f3digo y explicar fragmentos.<br><br><br>IA para escritura, trabajo y estudio<\/p>\n\n\n\n<p><strong>QuillBot y DeepL<\/strong>: habituales para parafrasear, resumir y traducir textos.<a href=\"https:\/\/kitemetric.com\/blogs\/top-10-mind-blowing-ai-apps-websites-in-2025\" target=\"_blank\" rel=\"noreferrer noopener\"><\/a>\u200b<a href=\"https:\/\/titancorpvn.com\/insight\/technology-insights\/top-10-most-used-gen-ai-tools-in-2025\" target=\"_blank\" rel=\"noreferrer noopener\"><\/a>\u200b<\/p>\n\n\n\n<p><strong>Notion AI<\/strong>: integrado en Notion para resumir, escribir y organizar informaci\u00f3n, muy usado por estudiantes y equipos.<a href=\"https:\/\/titancorpvn.com\/insight\/technology-insights\/top-10-most-used-gen-ai-tools-in-2025\" target=\"_blank\" rel=\"noreferrer noopener\"><\/a>\u200b<\/p>\n\n\n\n<p><strong>Grammarly \/ GrammarlyGO<\/strong>: para corregir y mejorar textos usando IA, especialmente en entornos profesionales.<\/p>\n\n\n\n<p><strong>GitHub Copilot<\/strong>: muy extendido entre programadores para autocompletar c\u00f3digo y explicar fragmentos.<a href=\"https:\/\/titancorpvn.com\/insight\/technology-insights\/top-10-most-used-gen-ai-tools-in-2025\" target=\"_blank\" rel=\"noreferrer noopener\"><\/a>\u200b<\/p>\n\n\n\n<p><\/p>\n<\/div>\n<\/div>\n<\/div>\n<\/div>\n\n\n\n<p><\/p>\n","protected":false},"excerpt":{"rendered":"<p>Paginas Mas Usadas De Inteligencia Artificial. ChatGPT (OpenAI): sigue siendo la IA m\u00e1s usada del mundo, con cientos de millones de usuarios activos y liderazgo claro en cuota de mercado. Google Gemini: alternativa de Google integrada con su ecosistema (b\u00fasquedas, &hellip;<\/p>\n<p class=\"read-more\"> <a class=\"more-link\" href=\"https:\/\/krumpartevandalico.com\/\"> <span class=\"screen-reader-text\">Nuevas Paginas De Inteligencia Artificial actualizadas 2026<\/span> Read More &raquo;<\/a><\/p>\n","protected":false},"author":1,"featured_media":0,"parent":0,"menu_order":0,"comment_status":"closed","ping_status":"closed","template":"","meta":{"footnotes":""},"class_list":["post-8","page","type-page","status-publish","hentry"],"_links":{"self":[{"href":"https:\/\/krumpartevandalico.com\/index.php?rest_route=\/wp\/v2\/pages\/8","targetHints":{"allow":["GET"]}}],"collection":[{"href":"https:\/\/krumpartevandalico.com\/index.php?rest_route=\/wp\/v2\/pages"}],"about":[{"href":"https:\/\/krumpartevandalico.com\/index.php?rest_route=\/wp\/v2\/types\/page"}],"author":[{"embeddable":true,"href":"https:\/\/krumpartevandalico.com\/index.php?rest_route=\/wp\/v2\/users\/1"}],"replies":[{"embeddable":true,"href":"https:\/\/krumpartevandalico.com\/index.php?rest_route=%2Fwp%2Fv2%2Fcomments&post=8"}],"version-history":[{"count":7,"href":"https:\/\/krumpartevandalico.com\/index.php?rest_route=\/wp\/v2\/pages\/8\/revisions"}],"predecessor-version":[{"id":63,"href":"https:\/\/krumpartevandalico.com\/index.php?rest_route=\/wp\/v2\/pages\/8\/revisions\/63"}],"wp:attachment":[{"href":"https:\/\/krumpartevandalico.com\/index.php?rest_route=%2Fwp%2Fv2%2Fmedia&parent=8"}],"curies":[{"name":"wp","href":"https:\/\/api.w.org\/{rel}","templated":true}]}}